{"id":22,"date":"2018-11-01T09:38:38","date_gmt":"2018-11-01T09:38:38","guid":{"rendered":"http:\/\/neu.events-tours.de\/?page_id=22"},"modified":"2018-11-15T14:33:14","modified_gmt":"2018-11-15T14:33:14","slug":"datenschutzerklaerung","status":"publish","type":"page","link":"https:\/\/en.events-tours.de\/?page_id=22","title":{"rendered":"Privacy Statement"},"content":{"rendered":"<div class=\"wpb-content-wrapper\"><p>[vc_row type=&#8220;vc_default&#8220; css=&#8220;.vc_custom_1541084134241{margin-top: 75px !important;}&#8220;][vc_column width=&#8220;2\/3&#8243;][vc_column_text]<\/p>\n<h1>Datenschutzerkl\u00e4rung<\/h1>\n<p>[\/vc_column_text][\/vc_column][vc_column width=&#8220;1\/3&#8243;][\/vc_column][\/vc_row][vc_row][vc_column width=&#8220;2\/3&#8243;][vc_column_text]Verantwortliche Stelle im Sinne der Datenschutzgesetze, insbesondere der EU-Datenschutzgrundverordnung (DSGVO), ist:<\/p>\n<p>Kerstin Schellhorn-Piontek<br \/>\nEvents &amp; Tours<br \/>\nBerliner Strasse 50<br \/>\n14467 Potsdam<\/p>\n<p><strong>Vertreten durch:<\/strong><br \/>\nKerstin Schellhorn-Piontek<\/p>\n<p><strong><span class=\"Stil2\">Ihre Rechte auf Auskunft, Berichtigung, Sperre, L\u00f6schung und Widerspruch<\/span><\/strong><\/p>\n<p>Unter den unten angegebenen Kontaktdaten k\u00f6nnen Sie jederzeit folgende Rechte aus\u00fcben:<\/p>\n<ul>\n<li>Auskunft \u00fcber Ihre bei uns gespeicherten Daten und deren Verarbeitung,<\/li>\n<li>Berichtigung unrichtiger personenbezogener Daten,<\/li>\n<li>L\u00f6schung Ihrer bei uns gespeicherten Daten,<\/li>\n<li>Einschr\u00e4nkung der Datenverarbeitung, sofern wir Ihre Daten aufgrund gesetzlicher Pflichten noch nicht l\u00f6schen d\u00fcrfen,<\/li>\n<li>Widerspruch gegen die Verarbeitung Ihrer Daten bei uns und<\/li>\n<li>Daten\u00fcbertragbarkeit, sofern Sie in die Datenverarbeitung eingewilligt haben oder einen Vertrag mit uns abgeschlossen haben.<\/li>\n<li>Sofern Sie uns eine Einwilligung erteilt haben, k\u00f6nnen Sie diese jederzeit mit Wirkung f\u00fcr die Zukunft widerrufen.<\/li>\n<li>Sie k\u00f6nnen sich jederzeit mit einer Beschwerde an die f\u00fcr Sie zust\u00e4ndige Aufsichtsbeh\u00f6rde wenden. Ihre zust\u00e4ndige Aufsichtsbeh\u00f6rde richtet sich nach dem Bundesland Ihres Wohnsitzes, Ihrer Arbeit oder der mutma\u00dflichen Verletzung. Eine Liste der Aufsichtsbeh\u00f6rden (f\u00fcr den nicht\u00f6ffentlichen Bereich) mit Anschrift finden Sie unter: <a href=\"https:\/\/www.bfdi.bund.de\/DE\/Infothek\/Anschriften_Links\/anschriften_links-node.html\">https:\/\/www.bfdi.bund.de\/DE\/Infothek\/Anschriften_Links\/anschriften_links-node.html<\/a>.<\/li>\n<\/ul>\n<p><strong><span class=\"Stil2\">Zwecke der Datenverarbeitung durch die Verantwortliche Stelle und Dritte<\/span><\/strong><\/p>\n<p>Wir verarbeiten Ihre personenbezogenen Daten nur zu den in dieser Datenschutzerkl\u00e4rung genannten Zwecken. Eine \u00dcbermittlung Ihrer pers\u00f6nlichen Daten an Dritte zu anderen als den genannten Zwecken findet nicht statt. Wir geben Ihre pers\u00f6nlichen Daten nur an Dritte weiter, wenn:<\/p>\n<ul>\n<li>Sie Ihre ausdr\u00fcckliche Einwilligung dazu erteilt haben,<\/li>\n<li>die Verarbeitung zur Abwicklung eines Vertrags mit Ihnen erforderlich ist,<\/li>\n<li>die Verarbeitung zur Erf\u00fcllung einer rechtlichen Verpflichtung erforderlich ist, die Verarbeitung zur Wahrung berechtigter Interessen erforderlich ist und kein Grund zur Annahme besteht, dass Sie ein \u00fcberwiegendes schutzw\u00fcrdiges Interesse an der Nichtweitergabe Ihrer Daten haben.<\/li>\n<\/ul>\n<p><strong><span class=\"Stil2\">L\u00f6schung bzw. Sperrung der Daten<\/span><\/strong><\/p>\n<p>Wir halten uns an die Grunds\u00e4tze der Datenvermeidung und Datensparsamkeit. Wir speichern Ihre personenbezogenen Daten daher nur so lange, wie dies zur Erreichung der hier genannten Zwecke erforderlich ist oder wie es die vom Gesetzgeber vorgesehenen vielf\u00e4ltigen Speicherfristen vorsehen. Nach Fortfall des jeweiligen Zweckes bzw. Ablauf dieser Fristen werden die entsprechenden Daten routinem\u00e4\u00dfig und entsprechend den gesetzlichen Vorschriften gesperrt oder gel\u00f6scht.<\/p>\n<p><strong><span class=\"Stil2\">Kontaktaufnahme<\/span><\/strong><\/p>\n<p>Treten Sie per E-Mail mit uns in Kontakt, werden die von Ihnen gemachten Angaben zum Zwecke der Bearbeitung der Anfrage sowie f\u00fcr m\u00f6gliche Anschlussfragen gespeichert. Den E-Mail Versand bewerkstelligt unser Hosting-Service Strato. Dabei wird automatisch Ihre E-Mail Adresse weitergegeben. E-Mails werden benutzt um Informationen (Text, Bild, Ton) zu den Belangen eines Auftrags oder um vorvertragliche Arbeiten austauschen zu k\u00f6nnen. Der Schutz f\u00fcr Ihre Daten wird durch einen Auftragsverarbeitungsvertrag mit Strato gew\u00e4hrleistet.<\/p>\n<p><strong><span class=\"Stil2\">\u00c4nderung unserer Datenschutzbestimmungen<\/span><\/strong><\/p>\n<p>Wir behalten uns vor, diese Datenschutzerkl\u00e4rung anzupassen, damit sie stets den aktuellen rechtlichen Anforderungen entspricht oder um \u00c4nderungen unserer Leistungen in der Datenschutzerkl\u00e4rung umzusetzen, z.B. bei der Einf\u00fchrung neuer Services. F\u00fcr Ihren erneuten Besuch gilt dann die neue Datenschutzerkl\u00e4rung.<\/p>\n<p><strong><span class=\"Stil2\">Fragen an den Datenschutzbeauftragten<\/span><\/strong><\/p>\n<p>Wenn Sie Fragen zum Datenschutz haben, schreiben Sie uns bitte eine E-Mail an: kerstin.schellhorn-piontek [at] events-tours.de[\/vc_column_text][\/vc_column][vc_column width=&#8220;1\/3&#8243;][\/vc_column][\/vc_row]<\/p>\n<\/div>","protected":false},"excerpt":{"rendered":"<p>[vc_row type=&#8220;vc_default&#8220; css=&#8220;.vc_custom_1541084134241{margin-top: 75px !important;}&#8220;][vc_column width=&#8220;2\/3&#8243;][vc_column_text] Datenschutzerkl\u00e4rung [\/vc_column_text][\/vc_column][vc_column width=&#8220;1\/3&#8243;][\/vc_column][\/vc_row][vc_row][vc_column width=&#8220;2\/3&#8243;][vc_column_text]Verantwortliche Stelle im Sinne der Datenschutzgesetze, insbesondere der EU-Datenschutzgrundverordnung (DSGVO), ist: Kerstin Schellhorn-Piontek Events &amp; Tours Berliner Strasse 50 14467 Potsdam Vertreten durch: Kerstin Schellhorn-Piontek Ihre Rechte auf Auskunft, Berichtigung, Sperre, L\u00f6schung und Widerspruch Unter den unten angegebenen Kontaktdaten k\u00f6nnen Sie jederzeit folgende Rechte aus\u00fcben: Auskunft&hellip;<\/p>\n","protected":false},"author":1,"featured_media":0,"parent":0,"menu_order":0,"comment_status":"closed","ping_status":"closed","template":"","meta":{"ngg_post_thumbnail":0,"footnotes":""},"_links":{"self":[{"href":"https:\/\/en.events-tours.de\/index.php?rest_route=\/wp\/v2\/pages\/22"}],"collection":[{"href":"https:\/\/en.events-tours.de\/index.php?rest_route=\/wp\/v2\/pages"}],"about":[{"href":"https:\/\/en.events-tours.de\/index.php?rest_route=\/wp\/v2\/types\/page"}],"author":[{"embeddable":true,"href":"https:\/\/en.events-tours.de\/index.php?rest_route=\/wp\/v2\/users\/1"}],"replies":[{"embeddable":true,"href":"https:\/\/en.events-tours.de\/index.php?rest_route=%2Fwp%2Fv2%2Fcomments&post=22"}],"version-history":[{"count":1,"href":"https:\/\/en.events-tours.de\/index.php?rest_route=\/wp\/v2\/pages\/22\/revisions"}],"predecessor-version":[{"id":456,"href":"https:\/\/en.events-tours.de\/index.php?rest_route=\/wp\/v2\/pages\/22\/revisions\/456"}],"wp:attachment":[{"href":"https:\/\/en.events-tours.de\/index.php?rest_route=%2Fwp%2Fv2%2Fmedia&parent=22"}],"curies":[{"name":"wp","href":"https:\/\/api.w.org\/{rel}","templated":true}]}}